{"id":693,"date":"2013-05-15T20:28:33","date_gmt":"2013-05-15T20:28:33","guid":{"rendered":"http:\/\/www.apotheke-stpauls.it\/?page_id=693"},"modified":"2024-07-10T21:39:20","modified_gmt":"2024-07-10T21:39:20","slug":"aromatherapie-bachblueten","status":"publish","type":"page","link":"https:\/\/www.apotheke-stpauls.it\/?page_id=693","title":{"rendered":"Aromatherapie \/ <br \/>Bachbl\u00fcten"},"content":{"rendered":"<div class=\"row\">\n<div class=\"mt-one-half\">\n<h3>Aromatherapie:<\/h3>\n<p><img loading=\"lazy\" decoding=\"async\" class=\" wp-image-983 alignleft\" src=\"https:\/\/www.apotheke-stpauls.it\/wp-content\/uploads\/taoasis-300x137.jpg\" alt=\"taoasis\" width=\"180\" height=\"82\" srcset=\"https:\/\/www.apotheke-stpauls.it\/wp-content\/uploads\/taoasis-300x137.jpg 300w, https:\/\/www.apotheke-stpauls.it\/wp-content\/uploads\/taoasis.jpg 328w\" sizes=\"(max-width: 180px) 100vw, 180px\" \/>Die Aromatherapie ist Teil der Pflanzenheilkunde; verwendet werden dabei \u00e4therische \u00d6le.<br \/>\nDiese werden aus verschiedenen Teilen und auf unterschiedliche Weise aus den Pflanzen gewonnen.<br \/>\nBeispielsweise wird Zitronen\u00f6l durch eine sogenannte Kaltpressung aus der Zitronenschale gewonnen, Lavendel\u00f6l hingegen gewinnt man durch eine Wasserdampfdestillation aus den frischen Lavendelbl\u00fcten.<br \/>\n\u00c4therische \u00d6le k\u00f6nnen sehr vielseitig eingesetzt werden, z. B. kann Lavendel\u00f6l \u00e4u\u00dferlich bei schlecht heilenden Wunden sowie innerlich als krampfl\u00f6sendes und nervenberuhigendes Mittel verwendet werden.<br \/>\nWir f\u00fchren eine Vielzahl verschiedener \u00d6le und beraten Sie gerne zu jeglichen Fragen dazu.<\/p>\n<p>Wichtig ist eine Verwendung naturreiner\u00a0und keiner synthetischen \u00d6le.<br \/>\n<\/div>\n<div class=\"mt-one-half mt-column-last\">\n<h3>Bachbl\u00fcten:<\/h3>\n<p>Die Bachbl\u00fctentherapie geh\u00f6rt zur sogenannten Energiemedizin. Ihr Gr\u00fcndervater ist Edward Bach. Er lebte von 1886 bis 1936 in Gro\u00dfbritannien.<br \/>\nSie basiert auf der Idee, dass die gebundene Energie von Bl\u00fcten eine regulierende Wirkung auf psychische Zust\u00e4nde des Menschen hat. Durch diese psychische Wirkung k\u00f6nnen h\u00e4ufig auch k\u00f6rperliche Symptome gebessert werden.<br \/>\nIn der Therapie werden insgesamt 39 verschiedene Essenzen eingesetzt.<\/p>\n<p>In unserer Apotheke helfen wir Ihnen gerne, Ihre individuelle Bachbl\u00fcten-Mischung zusammenzustellen, die dann f\u00fcr Sie oder ihr Kind zubereitet wird.<br \/>\n<\/div><div class=\"clear\"><\/div>\n<\/div>\n","protected":false},"excerpt":{"rendered":"","protected":false},"author":1,"featured_media":0,"parent":0,"menu_order":4,"comment_status":"open","ping_status":"closed","template":"template-page-with-slider.php","meta":{"_acf_changed":false,"footnotes":""},"class_list":["post-693","page","type-page","status-publish","hentry"],"acf":[],"_links":{"self":[{"href":"https:\/\/www.apotheke-stpauls.it\/index.php?rest_route=\/wp\/v2\/pages\/693"}],"collection":[{"href":"https:\/\/www.apotheke-stpauls.it\/index.php?rest_route=\/wp\/v2\/pages"}],"about":[{"href":"https:\/\/www.apotheke-stpauls.it\/index.php?rest_route=\/wp\/v2\/types\/page"}],"author":[{"embeddable":true,"href":"https:\/\/www.apotheke-stpauls.it\/index.php?rest_route=\/wp\/v2\/users\/1"}],"replies":[{"embeddable":true,"href":"https:\/\/www.apotheke-stpauls.it\/index.php?rest_route=%2Fwp%2Fv2%2Fcomments&post=693"}],"version-history":[{"count":15,"href":"https:\/\/www.apotheke-stpauls.it\/index.php?rest_route=\/wp\/v2\/pages\/693\/revisions"}],"predecessor-version":[{"id":1787,"href":"https:\/\/www.apotheke-stpauls.it\/index.php?rest_route=\/wp\/v2\/pages\/693\/revisions\/1787"}],"wp:attachment":[{"href":"https:\/\/www.apotheke-stpauls.it\/index.php?rest_route=%2Fwp%2Fv2%2Fmedia&parent=693"}],"curies":[{"name":"wp","href":"https:\/\/api.w.org\/{rel}","templated":true}]}}