{"id":691,"date":"2013-05-15T20:28:19","date_gmt":"2013-05-15T20:28:19","guid":{"rendered":"http:\/\/www.apotheke-stpauls.it\/?page_id=691"},"modified":"2024-07-10T21:40:31","modified_gmt":"2024-07-10T21:40:31","slug":"lebensmittelunvertraglichkeit-zoeliakieprodukte","status":"publish","type":"page","link":"https:\/\/www.apotheke-stpauls.it\/?page_id=691","title":{"rendered":"Lebensmittelunvertr\u00e4glichkeit"},"content":{"rendered":"<div class=\"row\"><\/div>\n<div class=\"mt-one-third\"> <\/div>\n<div class=\"mt-two-third mt-column-last\">\nLebensmittelunvertr\u00e4glichkeiten werden durch Reaktionen des k\u00f6rpereigenen Immunsystems auf bestimmte Nahrungsmittel ausgel\u00f6st.<br \/>\nDie Beschwerden entstehen meist nicht unmittelbar nach dem Genuss, sondern entwickeln sich langsam.<br \/>\nH\u00e4ufige Beschwerden sind Verdauungsprobleme wie V\u00f6llegef\u00fchl, Bauchschmerzen, Bl\u00e4hungen, Durchfall oder Verstopfung. Aber auch andere Beschwerden wie M\u00fcdigkeit, Hautprobleme, Allergien und noch vieles mehr kann mit Lebensmittelunvertr\u00e4glichkeiten im Zusammenhang stehen.<\/p>\n<p>Sie k\u00f6nnen bei uns verschiedene Tests auf Lebensmittelunvertr\u00e4glichkeit durchf\u00fchren.<br \/>\n<\/div><div class=\"clear\"><\/div>\n<div class=\"mt-one-half\">\n<h3>Biotricotest \u2013 Haaranalyse<\/h3>\n<p><a href=\"https:\/\/www.apotheke-stpauls.it\/wp-content\/uploads\/box_biotricotest.gif\"><img loading=\"lazy\" decoding=\"async\" class=\" wp-image-980 alignleft\" src=\"https:\/\/www.apotheke-stpauls.it\/wp-content\/uploads\/box_biotricotest.gif\" alt=\"box_biotricotest\" width=\"116\" height=\"109\" \/><\/a>Dieser Test wird schon seit einigen Jahren von uns angeboten und wir haben damit grossen Erfolg. \u00dcber 90% unserer Kunden erreichen nach dem Test und Anpassung der Lebensmittel eine Besserung der Symptome.<br \/>\nDie Analysemethode basiert auf dem Prinzip der Bioresonanz. Die verwendeten Messinstrumente\u00a0 k\u00f6nnen eine Schwingungsresonanz zwischen der Haarprobe, welche dank ihrer Struktur die spektralen Charakteristiken beh\u00e4lt, und der Frequenz der Lebensmittel feststellen.<br \/>\nPraktisch wird gemessen ob es eine \u00dcbereinstimmung der Frequenzen zwischen Haaren und Lebensmitteln gibt.<br \/>\nDer Biotricotest ist eine bioenergetische Methode, es ist kein von der Schulmedizin anerkanntes und validiertes Verfahren.<\/p>\n<p>Neben dem Biotricotest bieten wir auch den sogenannten Slimtest an.<br \/>\nHierbei werden speziell jene Lebensmittel ermittelt von denen man zunimmt.<\/p>\n<\/div>\n<div class=\"mt-one-half mt-column-last\"><\/div><div class=\"clear\"><\/div>\n<h3>Analyse des Darmmikrobioms<\/h3>\n<p>Bei der Mikrobiomanalyse wird eine Sequenzierung der Bakterien durchgef\u00fchrt, um genau zu bestimmen welche Form der Ern\u00e4hrung und welche Probiotika eingesetzt werden k\u00f6nnen. Die Mikrobiomanalyse enth\u00e4lt \u00fcber 250 Parameter, von denen besonders relevante ausgewertet werden.<\/p>\n<p>Dabei wird unter anderem die bakterielle Diversit\u00e4t bestimmt. Diese bietet im Idealfall Schutz vor verschiedenen Infektionen, doch sie ist h\u00e4ufig durch Antibiotikatherapien oder im Rahmen diverser Krankheitsbilder verringert \u2013 dies macht es den opportunistischen Erregern leicht sich zu\u00a0 vermehren.<\/p>\n<p>Am intestinalen Mikrobiom wird im Moment intensiv geforscht \u2013 mit\u00a0 sehr interessanten Ergebnissen: Bei der Darmflora gibt es Korrelationen mit dem Gesundheitszustand.<\/p>\n<p><a href=\"https:\/\/www.apotheke-stpauls.it\/wp-content\/uploads\/Darmmikrobiom.jpeg\"><img loading=\"lazy\" decoding=\"async\" class=\"alignnone size-medium wp-image-1503\" src=\"https:\/\/www.apotheke-stpauls.it\/wp-content\/uploads\/Darmmikrobiom-300x300.jpeg\" alt=\"Darmmikrobiom\" width=\"300\" height=\"300\" srcset=\"https:\/\/www.apotheke-stpauls.it\/wp-content\/uploads\/Darmmikrobiom-300x300.jpeg 300w, https:\/\/www.apotheke-stpauls.it\/wp-content\/uploads\/Darmmikrobiom-150x150.jpeg 150w, https:\/\/www.apotheke-stpauls.it\/wp-content\/uploads\/Darmmikrobiom-50x50.jpeg 50w, https:\/\/www.apotheke-stpauls.it\/wp-content\/uploads\/Darmmikrobiom.jpeg 1024w\" sizes=\"(max-width: 300px) 100vw, 300px\" \/><\/a><\/p>\n<p>&nbsp;<\/p>\n<h3>Test auf Laktose- und Fruktoseintoleranz<\/h3>\n<p>Den Test auf Laktose- und Fruktoseintoleranz wird mit einem Atemgastest durchgef\u00fchrt.<\/p>\n<p><a href=\"https:\/\/www.apotheke-stpauls.it\/wp-content\/uploads\/Laktose-und-Fruktose.jpeg\"><img loading=\"lazy\" decoding=\"async\" class=\"alignnone size-medium wp-image-1500\" src=\"https:\/\/www.apotheke-stpauls.it\/wp-content\/uploads\/Laktose-und-Fruktose-300x300.jpeg\" alt=\"Laktose und Fruktose\" width=\"300\" height=\"300\" srcset=\"https:\/\/www.apotheke-stpauls.it\/wp-content\/uploads\/Laktose-und-Fruktose-300x300.jpeg 300w, https:\/\/www.apotheke-stpauls.it\/wp-content\/uploads\/Laktose-und-Fruktose-150x150.jpeg 150w, https:\/\/www.apotheke-stpauls.it\/wp-content\/uploads\/Laktose-und-Fruktose-50x50.jpeg 50w, https:\/\/www.apotheke-stpauls.it\/wp-content\/uploads\/Laktose-und-Fruktose.jpeg 1024w\" sizes=\"(max-width: 300px) 100vw, 300px\" \/><\/a><\/p>\n<p>&nbsp;<\/p>\n","protected":false},"excerpt":{"rendered":"<p>Analyse des Darmmikrobioms Bei der Mikrobiomanalyse wird eine Sequenzierung der Bakterien durchgef\u00fchrt, um genau zu bestimmen welche Form der Ern\u00e4hrung und welche Probiotika eingesetzt werden k\u00f6nnen. Die Mikrobiomanalyse enth\u00e4lt \u00fcber 250 Parameter, von denen besonders relevante ausgewertet werden. Dabei wird unter anderem die bakterielle Diversit\u00e4t bestimmt. Diese bietet im Idealfall Schutz vor verschiedenen Infektionen, doch [&hellip;]<\/p>\n","protected":false},"author":1,"featured_media":0,"parent":0,"menu_order":3,"comment_status":"open","ping_status":"closed","template":"template-page-with-slider.php","meta":{"_acf_changed":false,"footnotes":""},"class_list":["post-691","page","type-page","status-publish","hentry"],"acf":[],"_links":{"self":[{"href":"https:\/\/www.apotheke-stpauls.it\/index.php?rest_route=\/wp\/v2\/pages\/691"}],"collection":[{"href":"https:\/\/www.apotheke-stpauls.it\/index.php?rest_route=\/wp\/v2\/pages"}],"about":[{"href":"https:\/\/www.apotheke-stpauls.it\/index.php?rest_route=\/wp\/v2\/types\/page"}],"author":[{"embeddable":true,"href":"https:\/\/www.apotheke-stpauls.it\/index.php?rest_route=\/wp\/v2\/users\/1"}],"replies":[{"embeddable":true,"href":"https:\/\/www.apotheke-stpauls.it\/index.php?rest_route=%2Fwp%2Fv2%2Fcomments&post=691"}],"version-history":[{"count":37,"href":"https:\/\/www.apotheke-stpauls.it\/index.php?rest_route=\/wp\/v2\/pages\/691\/revisions"}],"predecessor-version":[{"id":1790,"href":"https:\/\/www.apotheke-stpauls.it\/index.php?rest_route=\/wp\/v2\/pages\/691\/revisions\/1790"}],"wp:attachment":[{"href":"https:\/\/www.apotheke-stpauls.it\/index.php?rest_route=%2Fwp%2Fv2%2Fmedia&parent=691"}],"curies":[{"name":"wp","href":"https:\/\/api.w.org\/{rel}","templated":true}]}}